{"id":1227,"date":"2023-08-19T11:09:01","date_gmt":"2023-08-19T09:09:01","guid":{"rendered":"https:\/\/nearo.eu\/product\/connected-luggage-tag-black\/"},"modified":"2023-09-16T11:25:25","modified_gmt":"2023-09-16T09:25:25","slug":"etiquette-de-bagage-connectee-noir","status":"publish","type":"product","link":"https:\/\/nearo.eu\/en\/product\/etiquette-de-bagage-connectee-noir\/","title":{"rendered":"Connected luggage tag &#8211; Black"},"content":{"rendered":"<p>Connected luggage tags with NFC (Near Field Communication) and QR code are designed to offer a convenient and secure solution to tag your luggage or handbags. They are manufactured using state-of-the-art technologies to facilitate the recovery of your luggage in the event of loss.<\/p>\n<h2><strong>Features :<\/strong><\/h2>\n<p><strong>NFC<\/strong>: Connected luggage tags are equipped with an integrated NFC chip that allows short-range wireless communication with NFC-enabled smartphones. Simply bring the connected luggage tag closer to the smartphone to be redirected to a personalized web page containing your contact information.<\/p>\n<p><strong>QR code<\/strong>: Connected luggage tags also have a printed QR code that can be scanned using your smartphone&#8217;s photo app. The QR code redirects users to a personalized web page containing your contact information.<\/p>\n<p><strong>Digital Format: Contact information on smart luggage tags is fully customizable and can include your name, address, phone number, email address, website, social media profiles and more.<\/strong> You can also add a logo or photo to further personalize your connected luggage tag.<\/p>\n<p><strong>Eco-Friendly<\/strong>: Unlike traditional paper luggage tags, smart luggage tags with NFC and QR code are durable and reusable, making them environmentally friendly. They contribute to reducing paper consumption and preserving natural resources.<\/p>\n<h2><strong>Benefits :<\/strong><\/h2>\n<p><strong>Innovation<\/strong>: Our connected luggage tags are the perfect accessory for all travellers. It is a modern and innovative way to label your luggage or handbags.<\/p>\n<p><strong>Rapid search<\/strong>: In case of loss, the NFC and QR code technology of our luggage tags allows anyone to quickly find the owner by bringing the connected luggage tags closer to a smartphone or by scanning the connected luggage tags with a smartphone and access all important information, such as owner address, contact details and more.<\/p>\n<p><strong>Peace of mind<\/strong>: With our connected luggage tags, you can travel with peace of mind, without having to worry about the security of your luggage. Opt for modernity and peace of mind with our connected luggage tag.<\/p>\n<p><strong>Durability<\/strong>: Our smart luggage tags are very sturdy and impact resistant to protect your luggage on the go.<\/p>\n<p><strong>Compatibility<\/strong>: Our connected luggage tags are compatible with most recent smartphones allowing you easy and quick use.<\/p>\n<p><strong>User-friendl<\/strong>y: No app or technical skills required \u2013 just bring your smartphone closer or scan QR code with your smartphone&#8217;s photo app and connect easily with our user-friendly user interface.<\/p>\n<p><strong>Customization<\/strong>: You can fully customize the contact information on luggage tags to suit your specific needs and make them easily identifiable.<\/p>\n<p><strong>Multilingual<\/strong>: Contact information on luggage tags can be customized in different languages to facilitate communication with people finding your luggage in different countries.<\/p>\n<h2><strong>Recommended uses:<\/strong><\/h2>\n<p><strong>Business Travel:<\/strong> Luggage tags with NFC and QR code are ideal for frequently traveling professionals who want to secure and personalize their luggage.<\/p>\n<p><strong>Leisure travel<\/strong>: Luggage tags are also recommended for occasional travelers who want to add an extra layer of security to their luggage while personalizing it.<\/p>\n<p><strong>Corporate gift: Luggage tags with NFC and QR code can also be used as a personalized corporate gift for customers, employees or business partners.<\/strong><\/p>\n","protected":false},"excerpt":{"rendered":"<ul>\n<li>Built-in NFC, printed QR code.<\/li>\n<li>Eco-friendly and reusable.<\/li>\n<li>Without subscription, Without application<\/li>\n<li>Advantages: innovation, quick search, peace of mind, durability, compatibility, user-friendly, customization, multilingual<\/li>\n<li>Recommended uses: Business travel, leisure travel, personalized corporate gifts.<\/li>\n<\/ul>\n<p>&nbsp;<\/p>\n","protected":false},"featured_media":1022,"template":"","meta":[],"etheme_brands":[{"term_id":38,"name":"Nearo","slug":"nearo","term_group":0,"term_taxonomy_id":38,"taxonomy":"brand","description":"<div class=\"flex-1 overflow-hidden\">\r\n<div class=\"react-scroll-to-bottom--css-vgzeb-79elbk h-full dark:bg-gray-800\">\r\n<div class=\"react-scroll-to-bottom--css-vgzeb-1n7m0yu\">\r\n<div class=\"flex flex-col text-sm dark:bg-gray-800\">\r\n<div class=\"group w-full text-token-text-primary border-b border-black\/10 dark:border-gray-900\/50 bg-gray-50 dark:bg-[#444654]\" data-testid=\"conversation-turn-3\">\r\n<div class=\"p-4 justify-center text-base md:gap-6 md:py-6 m-auto\">\r\n<div class=\"flex flex-1 gap-4 text-base mx-auto md:gap-6 md:max-w-2xl lg:max-w-[38rem] xl:max-w-3xl }\">\r\n<div class=\"relative flex w-[calc(100%-50px)] flex-col gap-1 md:gap-3 lg:w-[calc(100%-115px)]\">\r\n<div class=\"flex flex-grow flex-col gap-3 max-w-full\">\r\n<div class=\"min-h-[20px] flex flex-col items-start gap-3 overflow-x-auto whitespace-pre-wrap break-words\">\r\n<div class=\"markdown prose w-full break-words dark:prose-invert light\">\r\n\r\nNearo est une entreprise innovante sp\u00e9cialis\u00e9e dans la fabrication et la vente de produits NFC et QR code, offrant des solutions connect\u00e9es pour simplifier votre quotidien. Notre mission est de transformer la mani\u00e8re dont vous interagissez avec le monde qui vous entoure en int\u00e9grant la technologie NFC (Near Field Communication) et les QR codes dans des produits pratiques et \u00e9l\u00e9gants. Voici un aper\u00e7u de notre gamme de produits :\r\n<ol>\r\n \t<li><strong>Carte de visite connect\u00e9e<\/strong> : Nos cartes de visite connect\u00e9es offrent une mani\u00e8re rapide et pratique de partager vos informations de contact professionnelles avec les autres, sans avoir besoin d\u2019imprimer des cartes de visite en papier. Gr\u00e2ce \u00e0 la technologie NFC et aux QR codes, elles permettent \u00e0 vos contacts de scanner facilement vos informations professionnelles et de se connecter \u00e0 votre r\u00e9seau en un instant. Nearo simplifie vos \u00e9changes professionnels.<\/li>\r\n \t<li><strong>Carte avis connect\u00e9e<\/strong> : Pour les entreprises cherchant \u00e0 recueillir des avis clients en temps r\u00e9el, nos cartes avis connect\u00e9es sont la solution id\u00e9ale. Les clients peuvent scanner le QR code ou bien simplement approcher leur smartphone pour laisser un avis ou des commentaires sur votre service ou produit, vous aidant ainsi \u00e0 am\u00e9liorer constamment votre qualit\u00e9.<\/li>\r\n \t<li><strong>\u00c9tiquette de bagage connect\u00e9e<\/strong> : Ne perdez plus jamais votre bagage ! Nos \u00e9tiquettes de bagage connect\u00e9es sont \u00e9quip\u00e9es d'une puce NFC et d'un code QR qui permettent aux compagnies a\u00e9riennes ou aux voyageurs de retrouver rapidement les propri\u00e9taires en cas de perte. Voyagez l'esprit tranquille avec Nearo.<\/li>\r\n \t<li><strong>M\u00e9daillon connect\u00e9 pour animaux<\/strong> : La s\u00e9curit\u00e9 de vos animaux de compagnie est essentielle, et c'est pourquoi nous proposons des m\u00e9daillons NFC et QR code. En les attachant au collier de votre animal, vous assurez une identification rapide en cas de perte, offrant ainsi une tranquillit\u00e9 d'esprit suppl\u00e9mentaire.<\/li>\r\n<\/ol>\r\nChez Nearo, nous nous engageons \u00e0 fournir des produits de qualit\u00e9 sup\u00e9rieure, \u00e0 la pointe de la technologie, qui simplifient votre vie quotidienne et am\u00e9liorent votre exp\u00e9rience professionnelle et personnelle. Nos produits sont con\u00e7us avec \u00e9l\u00e9gance et sont faciles \u00e0 utiliser, garantissant une adoption fluide de la technologie NFC et QR code par tous. Rejoignez-nous dans notre voyage pour rendre le monde plus connect\u00e9 et plus efficace gr\u00e2ce \u00e0 Nearo.\r\n\r\n<\/div>\r\n<\/div>\r\n<\/div>\r\n<\/div>\r\n<\/div>\r\n<\/div>\r\n<\/div>\r\n<\/div>\r\n<\/div>\r\n<\/div>\r\n<\/div>","parent":0,"count":32,"filter":"raw"}],"product_brand":[],"product_cat":[33],"product_tag":[],"class_list":{"0":"post-1227","1":"product","2":"type-product","3":"status-publish","4":"has-post-thumbnail","6":"brand-nearo","7":"product_cat-connected-luggage-tag","8":"product_shipping_class-livraison-gratuit","10":"first","11":"instock","12":"featured","13":"shipping-taxable","14":"purchasable","15":"product-type-simple"},"yoast_head":"<!-- This site is optimized with the Yoast SEO Premium plugin v20.13 (Yoast SEO v25.2) - https:\/\/yoast.com\/wordpress\/plugins\/seo\/ -->\n<title>Nearo - Connected luggage tag - Black<\/title>\n<meta name=\"description\" content=\"Connected luggage tags with NFC and QR code, the essential accessory for travelers. Allows you to quickly find your luggage.\" \/>\n<meta name=\"robots\" content=\"index, follow, max-snippet:-1, max-image-preview:large, max-video-preview:-1\" \/>\n<link rel=\"canonical\" href=\"https:\/\/nearo.eu\/en\/product\/etiquette-de-bagage-connectee-noir\/\" \/>\n<meta property=\"og:locale\" content=\"en_US\" \/>\n<meta property=\"og:type\" content=\"article\" \/>\n<meta property=\"og:title\" content=\"Nearo - Connected luggage tag - Black\" \/>\n<meta property=\"og:description\" content=\"Connected luggage tags with NFC and QR code, the essential accessory for travelers. Allows you to quickly find your luggage.\" \/>\n<meta property=\"og:url\" content=\"https:\/\/nearo.eu\/en\/product\/etiquette-de-bagage-connectee-noir\/\" \/>\n<meta property=\"og:site_name\" content=\"Simplify your communication with Nearo\" \/>\n<meta property=\"article:publisher\" content=\"https:\/\/www.facebook.com\/nearo.eu\" \/>\n<meta property=\"article:modified_time\" content=\"2023-09-16T09:25:25+00:00\" \/>\n<meta property=\"og:image\" content=\"https:\/\/www.nearo.eu\/wp-content\/uploads\/2023\/08\/bagNearo3_1.jpg\" \/>\n\t<meta property=\"og:image:width\" content=\"600\" \/>\n\t<meta property=\"og:image:height\" content=\"600\" \/>\n\t<meta property=\"og:image:type\" content=\"image\/jpeg\" \/>\n<meta name=\"twitter:card\" content=\"summary_large_image\" \/>\n<meta name=\"twitter:title\" content=\"Nearo - Connected luggage tag - Black\" \/>\n<meta name=\"twitter:description\" content=\"Connected luggage tags with NFC and QR code, the essential accessory for travelers. Allows you to quickly find your luggage.\" \/>\n<meta name=\"twitter:label1\" content=\"Price\" \/>\n\t<meta name=\"twitter:data1\" content=\"29,95&euro;\" \/>\n\t<meta name=\"twitter:label2\" content=\"Availability\" \/>\n\t<meta name=\"twitter:data2\" content=\"In stock\" \/>\n<script type=\"application\/ld+json\" class=\"yoast-schema-graph\">{\"@context\":\"https:\/\/schema.org\",\"@graph\":[{\"@type\":\"WebPage\",\"@id\":\"https:\/\/nearo.eu\/en\/product\/etiquette-de-bagage-connectee-noir\/\",\"url\":\"https:\/\/nearo.eu\/en\/product\/etiquette-de-bagage-connectee-noir\/\",\"name\":\"Nearo - Connected luggage tag - Black\",\"isPartOf\":{\"@id\":\"https:\/\/nearo.eu\/en\/#website\"},\"primaryImageOfPage\":{\"@id\":\"https:\/\/nearo.eu\/en\/product\/etiquette-de-bagage-connectee-noir\/#primaryimage\"},\"image\":{\"@id\":\"https:\/\/nearo.eu\/en\/product\/etiquette-de-bagage-connectee-noir\/#primaryimage\"},\"thumbnailUrl\":\"https:\/\/nearo.eu\/wp-content\/uploads\/2023\/08\/bagNearo3_1.jpg\",\"datePublished\":\"2023-08-19T09:09:01+00:00\",\"dateModified\":\"2023-09-16T09:25:25+00:00\",\"description\":\"Connected luggage tags with NFC and QR code, the essential accessory for travelers. Allows you to quickly find your luggage.\",\"breadcrumb\":{\"@id\":\"https:\/\/nearo.eu\/en\/product\/etiquette-de-bagage-connectee-noir\/#breadcrumb\"},\"inLanguage\":\"en-US\",\"potentialAction\":[{\"@type\":\"ReadAction\",\"target\":[\"https:\/\/nearo.eu\/en\/product\/etiquette-de-bagage-connectee-noir\/\"]}]},{\"@type\":\"ImageObject\",\"inLanguage\":\"en-US\",\"@id\":\"https:\/\/nearo.eu\/en\/product\/etiquette-de-bagage-connectee-noir\/#primaryimage\",\"url\":\"https:\/\/nearo.eu\/wp-content\/uploads\/2023\/08\/bagNearo3_1.jpg\",\"contentUrl\":\"https:\/\/nearo.eu\/wp-content\/uploads\/2023\/08\/bagNearo3_1.jpg\",\"width\":600,\"height\":600},{\"@type\":\"BreadcrumbList\",\"@id\":\"https:\/\/nearo.eu\/en\/product\/etiquette-de-bagage-connectee-noir\/#breadcrumb\",\"itemListElement\":[{\"@type\":\"ListItem\",\"position\":1,\"name\":\"Shop\",\"item\":\"https:\/\/nearo.eu\/en\/shop-2\/\"},{\"@type\":\"ListItem\",\"position\":2,\"name\":\"Connected luggage tag &#8211; Black\"}]},{\"@type\":\"WebSite\",\"@id\":\"https:\/\/nearo.eu\/en\/#website\",\"url\":\"https:\/\/nearo.eu\/en\/\",\"name\":\"Simplifiez votre communication avec Nearo\",\"description\":\"Simplify your communication with Nearo\",\"publisher\":{\"@id\":\"https:\/\/nearo.eu\/en\/#organization\"},\"potentialAction\":[{\"@type\":\"SearchAction\",\"target\":{\"@type\":\"EntryPoint\",\"urlTemplate\":\"https:\/\/nearo.eu\/en\/?s={search_term_string}\"},\"query-input\":{\"@type\":\"PropertyValueSpecification\",\"valueRequired\":true,\"valueName\":\"search_term_string\"}}],\"inLanguage\":\"en-US\"},{\"@type\":\"Organization\",\"@id\":\"https:\/\/nearo.eu\/en\/#organization\",\"name\":\"Simplifiez votre communication avec Nearo\",\"url\":\"https:\/\/nearo.eu\/en\/\",\"logo\":{\"@type\":\"ImageObject\",\"inLanguage\":\"en-US\",\"@id\":\"https:\/\/nearo.eu\/en\/#\/schema\/logo\/image\/\",\"url\":\"https:\/\/nearo.eu\/wp-content\/uploads\/2023\/08\/logo.png\",\"contentUrl\":\"https:\/\/nearo.eu\/wp-content\/uploads\/2023\/08\/logo.png\",\"width\":1200,\"height\":300,\"caption\":\"Simplifiez votre communication avec Nearo\"},\"image\":{\"@id\":\"https:\/\/nearo.eu\/en\/#\/schema\/logo\/image\/\"},\"sameAs\":[\"https:\/\/www.facebook.com\/nearo.eu\",\"https:\/\/www.instagram.com\/nearo.eu\",\"https:\/\/www.linkedin.com\/in\/nearo-eu\/\",\"https:\/\/www.pinterest.fr\/nearoeu\/\"],\"publishingPrinciples\":\"https:\/\/nearo.eu\/boutique-2\/\",\"ownershipFundingInfo\":\"https:\/\/nearo.eu\/boutique-2\/\",\"actionableFeedbackPolicy\":\"https:\/\/nearo.eu\/faq\/\"}]}<\/script>\n<meta property=\"product:price:amount\" content=\"29.95\" \/>\n<meta property=\"product:price:currency\" content=\"EUR\" \/>\n<meta property=\"og:availability\" content=\"instock\" \/>\n<meta property=\"product:availability\" content=\"instock\" \/>\n<meta property=\"product:retailer_item_id\" content=\"NR-LAB-01-BLACK\" \/>\n<meta property=\"product:condition\" content=\"new\" \/>\n<!-- \/ Yoast SEO Premium plugin. -->","yoast_head_json":{"title":"Nearo - Connected luggage tag - Black","description":"Connected luggage tags with NFC and QR code, the essential accessory for travelers. Allows you to quickly find your luggage.","robots":{"index":"index","follow":"follow","max-snippet":"max-snippet:-1","max-image-preview":"max-image-preview:large","max-video-preview":"max-video-preview:-1"},"canonical":"https:\/\/nearo.eu\/en\/product\/etiquette-de-bagage-connectee-noir\/","og_locale":"en_US","og_type":"article","og_title":"Nearo - Connected luggage tag - Black","og_description":"Connected luggage tags with NFC and QR code, the essential accessory for travelers. Allows you to quickly find your luggage.","og_url":"https:\/\/nearo.eu\/en\/product\/etiquette-de-bagage-connectee-noir\/","og_site_name":"Simplify your communication with Nearo","article_publisher":"https:\/\/www.facebook.com\/nearo.eu","article_modified_time":"2023-09-16T09:25:25+00:00","og_image":[{"width":600,"height":600,"url":"https:\/\/www.nearo.eu\/wp-content\/uploads\/2023\/08\/bagNearo3_1.jpg","type":"image\/jpeg"}],"twitter_card":"summary_large_image","twitter_title":"Nearo - Connected luggage tag - Black","twitter_description":"Connected luggage tags with NFC and QR code, the essential accessory for travelers. Allows you to quickly find your luggage.","twitter_misc":{"Price":"29,95&euro;","Availability":"In stock"},"schema":{"@context":"https:\/\/schema.org","@graph":[{"@type":"WebPage","@id":"https:\/\/nearo.eu\/en\/product\/etiquette-de-bagage-connectee-noir\/","url":"https:\/\/nearo.eu\/en\/product\/etiquette-de-bagage-connectee-noir\/","name":"Nearo - Connected luggage tag - Black","isPartOf":{"@id":"https:\/\/nearo.eu\/en\/#website"},"primaryImageOfPage":{"@id":"https:\/\/nearo.eu\/en\/product\/etiquette-de-bagage-connectee-noir\/#primaryimage"},"image":{"@id":"https:\/\/nearo.eu\/en\/product\/etiquette-de-bagage-connectee-noir\/#primaryimage"},"thumbnailUrl":"https:\/\/nearo.eu\/wp-content\/uploads\/2023\/08\/bagNearo3_1.jpg","datePublished":"2023-08-19T09:09:01+00:00","dateModified":"2023-09-16T09:25:25+00:00","description":"Connected luggage tags with NFC and QR code, the essential accessory for travelers. Allows you to quickly find your luggage.","breadcrumb":{"@id":"https:\/\/nearo.eu\/en\/product\/etiquette-de-bagage-connectee-noir\/#breadcrumb"},"inLanguage":"en-US","potentialAction":[{"@type":"ReadAction","target":["https:\/\/nearo.eu\/en\/product\/etiquette-de-bagage-connectee-noir\/"]}]},{"@type":"ImageObject","inLanguage":"en-US","@id":"https:\/\/nearo.eu\/en\/product\/etiquette-de-bagage-connectee-noir\/#primaryimage","url":"https:\/\/nearo.eu\/wp-content\/uploads\/2023\/08\/bagNearo3_1.jpg","contentUrl":"https:\/\/nearo.eu\/wp-content\/uploads\/2023\/08\/bagNearo3_1.jpg","width":600,"height":600},{"@type":"BreadcrumbList","@id":"https:\/\/nearo.eu\/en\/product\/etiquette-de-bagage-connectee-noir\/#breadcrumb","itemListElement":[{"@type":"ListItem","position":1,"name":"Shop","item":"https:\/\/nearo.eu\/en\/shop-2\/"},{"@type":"ListItem","position":2,"name":"Connected luggage tag &#8211; Black"}]},{"@type":"WebSite","@id":"https:\/\/nearo.eu\/en\/#website","url":"https:\/\/nearo.eu\/en\/","name":"Simplifiez votre communication avec Nearo","description":"Simplify your communication with Nearo","publisher":{"@id":"https:\/\/nearo.eu\/en\/#organization"},"potentialAction":[{"@type":"SearchAction","target":{"@type":"EntryPoint","urlTemplate":"https:\/\/nearo.eu\/en\/?s={search_term_string}"},"query-input":{"@type":"PropertyValueSpecification","valueRequired":true,"valueName":"search_term_string"}}],"inLanguage":"en-US"},{"@type":"Organization","@id":"https:\/\/nearo.eu\/en\/#organization","name":"Simplifiez votre communication avec Nearo","url":"https:\/\/nearo.eu\/en\/","logo":{"@type":"ImageObject","inLanguage":"en-US","@id":"https:\/\/nearo.eu\/en\/#\/schema\/logo\/image\/","url":"https:\/\/nearo.eu\/wp-content\/uploads\/2023\/08\/logo.png","contentUrl":"https:\/\/nearo.eu\/wp-content\/uploads\/2023\/08\/logo.png","width":1200,"height":300,"caption":"Simplifiez votre communication avec Nearo"},"image":{"@id":"https:\/\/nearo.eu\/en\/#\/schema\/logo\/image\/"},"sameAs":["https:\/\/www.facebook.com\/nearo.eu","https:\/\/www.instagram.com\/nearo.eu","https:\/\/www.linkedin.com\/in\/nearo-eu\/","https:\/\/www.pinterest.fr\/nearoeu\/"],"publishingPrinciples":"https:\/\/nearo.eu\/boutique-2\/","ownershipFundingInfo":"https:\/\/nearo.eu\/boutique-2\/","actionableFeedbackPolicy":"https:\/\/nearo.eu\/faq\/"}]},"product_price_amount":"29.95","product_price_currency":"EUR","og_availability":"instock","product_availability":"instock","product_retailer_item_id":"NR-LAB-01-BLACK","product_condition":"new"},"_links":{"self":[{"href":"https:\/\/nearo.eu\/en\/wp-json\/wp\/v2\/product\/1227","targetHints":{"allow":["GET"]}}],"collection":[{"href":"https:\/\/nearo.eu\/en\/wp-json\/wp\/v2\/product"}],"about":[{"href":"https:\/\/nearo.eu\/en\/wp-json\/wp\/v2\/types\/product"}],"version-history":[{"count":0,"href":"https:\/\/nearo.eu\/en\/wp-json\/wp\/v2\/product\/1227\/revisions"}],"wp:featuredmedia":[{"embeddable":true,"href":"https:\/\/nearo.eu\/en\/wp-json\/wp\/v2\/media\/1022"}],"wp:attachment":[{"href":"https:\/\/nearo.eu\/en\/wp-json\/wp\/v2\/media?parent=1227"}],"wp:term":[{"taxonomy":"brand","embeddable":true,"href":"https:\/\/nearo.eu\/en\/wp-json\/wp\/v2\/etheme_brands?post=1227"},{"taxonomy":"product_brand","embeddable":true,"href":"https:\/\/nearo.eu\/en\/wp-json\/wp\/v2\/product_brand?post=1227"},{"taxonomy":"product_cat","embeddable":true,"href":"https:\/\/nearo.eu\/en\/wp-json\/wp\/v2\/product_cat?post=1227"},{"taxonomy":"product_tag","embeddable":true,"href":"https:\/\/nearo.eu\/en\/wp-json\/wp\/v2\/product_tag?post=1227"}],"curies":[{"name":"wp","href":"https:\/\/api.w.org\/{rel}","templated":true}]}}